{"id":7,"date":"2020-12-01T09:33:57","date_gmt":"2020-12-01T09:33:57","guid":{"rendered":"https:\/\/www.cs-2000.de\/?page_id=7"},"modified":"2022-09-16T07:32:41","modified_gmt":"2022-09-16T07:32:41","slug":"startseite","status":"publish","type":"page","link":"https:\/\/www.cs-2000.de\/","title":{"rendered":"Willkommen"},"content":{"rendered":"<div data-colibri-id=\"7-c1\" class=\"style-224 style-local-7-c1 position-relative\">\r\n  <!---->\r\n  <div data-colibri-component=\"section\" data-colibri-id=\"7-c2\" id=\"initial-content\" class=\"h-section h-section-global-spacing d-flex align-items-lg-start align-items-md-start align-items-start style-225 style-local-7-c2 position-relative\">\r\n    <!---->\r\n    <!---->\r\n    <div class=\"h-section-grid-container h-section-boxed-container\">\r\n      <!---->\r\n      <div data-colibri-id=\"7-c3\" class=\"h-row-container gutters-row-lg-1 gutters-row-md-1 gutters-row-0 gutters-row-v-lg-1 gutters-row-v-md-1 gutters-row-v-1 style-226 style-local-7-c3 position-relative\">\r\n        <!---->\r\n        <div class=\"h-row justify-content-lg-center justify-content-md-center justify-content-center align-items-lg-center align-items-md-center align-items-center gutters-col-lg-1 gutters-col-md-1 gutters-col-0 gutters-col-v-lg-1 gutters-col-v-md-1 gutters-col-v-1\">\r\n          <!---->\r\n          <div class=\"h-column h-column-container d-flex h-col-lg-auto h-col-md-auto h-col-auto align-self-lg-center align-self-md-center align-self-center style-227-outer style-local-7-c4-outer\">\r\n            <div data-colibri-id=\"7-c4\" class=\"d-flex h-flex-basis h-column__inner h-px-lg-1 h-px-md-1 h-px-1 v-inner-lg-1 v-inner-md-1 v-inner-1 style-227 style-local-7-c4 position-relative\">\r\n              <!---->\r\n              <!---->\r\n              <div class=\"w-100 h-y-container h-column__content h-column__v-align flex-basis-100 align-self-lg-start align-self-md-start align-self-start\">\r\n                <!---->\r\n                <div data-colibri-id=\"7-c5\" class=\"style-228 style-local-7-c5 position-relative h-element\">\r\n                  <!---->\r\n                  <div>\r\n                    \r\n                    <p>Ihr IT &#8211; Dienstleistungspartner und 24-Stunden-Notdienst f\u00fcr den Raum Leipzig und Umgebung. Wir als Dienstleistungsunternehmen und Ihr starker Partner auf dem Gebiet der &#8222;Intelligenten Technologien&#8220; bieten unsere Consultingleistungen\r\n                      zu fairen Preisen und Top-Qualit\u00e4t kleinen und mittelst\u00e4ndischen Firmen und Unternehmen, aber auch Privatpersonen an. Fragen Sie uns einfach, wir helfen Ihnen gern weiter.<\/p>\r\n                    \r\n\r\n                    \r\n                    <p>Sie sind auf der Suche nach einem Servicepartner der gut, g\u00fcnstig und schnell ist, bei dem Sie sich um Ihre EDV keine Gedanken machen m\u00fcssen, alles &#8222;aus einer Hand&#8220; bekommen und sich somit voll und ganz auf Ihre Arbeit konzentrieren\r\n                      k\u00f6nnen?<strong>Sie haben ihn gerade gefunden!<\/strong><\/p>\r\n                    \r\n\r\n                    \r\n                    <p><strong>CS-2000 betreut aktuell ca. 1700 PC-Systeme, ca.&nbsp;130 Server (teilweise virtualisiert) und unz\u00e4hlige Peripherieger\u00e4te (Drucker, aktive Netzwerkkomponenten wie Switche und Router, IP basierende Video\u00fcberwachungsanlagen, VoIP Systeme) u.v.m.<\/strong><\/p>\r\n                    \r\n\r\n                    \r\n                    <p><strong>Schauen Sie doch einfach mal in unserem Ladengesch\u00e4ft vorbei und lassen sich beraten.<\/strong><\/p>\r\n                    \r\n                  <\/div>\r\n                <\/div>\r\n              <\/div>\r\n            <\/div>\r\n          <\/div>\r\n        <\/div>\r\n      <\/div>\r\n    <\/div>\r\n  <\/div>\r\n  <div data-colibri-component=\"section\" data-colibri-id=\"7-c10\" id=\"overlappable-2\" class=\"h-section h-section-global-spacing d-flex align-items-lg-center align-items-md-center align-items-center style-544 style-local-7-c10 position-relative\">\r\n    <!---->\r\n    <!---->\r\n    <div class=\"h-section-grid-container h-section-boxed-container\">\r\n      <div data-colibri-id=\"7-c17\" class=\"h-row-container gutters-row-lg-1 gutters-row-md-1 gutters-row-0 gutters-row-v-lg-1 gutters-row-v-md-1 gutters-row-v-1 style-717 style-local-7-c17 position-relative\">\r\n        <!---->\r\n        <div class=\"h-row justify-content-lg-center justify-content-md-center justify-content-center align-items-lg-stretch align-items-md-stretch align-items-stretch gutters-col-lg-1 gutters-col-md-1 gutters-col-0 gutters-col-v-lg-1 gutters-col-v-md-1 gutters-col-v-1\">\r\n          <!---->\r\n          <div class=\"h-column h-column-container d-flex h-col-lg-auto h-col-md-auto h-col-auto style-718-outer style-local-7-c18-outer\">\r\n            <div data-colibri-id=\"7-c18\" class=\"d-flex h-flex-basis h-column__inner h-px-lg-3 h-px-md-3 h-px-3 v-inner-lg-3 v-inner-md-3 v-inner-3 style-718 style-local-7-c18 position-relative\">\r\n              <!---->\r\n              <!---->\r\n              <div class=\"w-100 h-y-container h-column__content h-column__v-align flex-basis-100 align-self-lg-start align-self-md-start align-self-start\">\r\n                <!---->\r\n                <div data-colibri-id=\"7-c19\" class=\"h-global-transition-all h-heading style-719 style-local-7-c19 position-relative h-element\">\r\n                  <!---->\r\n                  <div class=\"h-heading__outer style-719 style-local-7-c19\">\r\n                    <!---->\r\n                    <!---->\r\n                    <h2 class=\"\">Remote Support<\/h2>\r\n                  <\/div>\r\n                <\/div>\r\n              <\/div>\r\n            <\/div>\r\n          <\/div>\r\n        <\/div>\r\n      <\/div>\r\n      <div data-colibri-id=\"7-c11\" class=\"h-row-container gutters-row-lg-1 gutters-row-md-1 gutters-row-2 gutters-row-v-lg-1 gutters-row-v-md-1 gutters-row-v-2 style-545 style-local-7-c11 position-relative\">\r\n        <!---->\r\n        <div class=\"h-row justify-content-lg-center justify-content-md-center justify-content-center align-items-lg-stretch align-items-md-stretch align-items-stretch gutters-col-lg-1 gutters-col-md-1 gutters-col-2 gutters-col-v-lg-1 gutters-col-v-md-1 gutters-col-v-2\">\r\n          <!---->\r\n          <div class=\"h-column h-column-container d-flex h-col-lg-2 h-col-md-2 h-col-12 style-546-outer style-local-7-c12-outer\">\r\n            <div data-colibri-id=\"7-c12\" class=\"d-flex h-flex-basis h-column__inner h-px-lg-2 h-px-md-3 h-px-2 v-inner-lg-2 v-inner-md-3 v-inner-2 style-546 style-local-7-c12 position-relative\">\r\n              <!---->\r\n              <!---->\r\n              <div class=\"w-100 h-y-container h-column__content h-column__v-align flex-basis-100 align-self-lg-center align-self-md-center align-self-center\">\r\n                <!---->\r\n                <div data-colibri-id=\"7-c13\" class=\"h-icon style-547 style-local-7-c13 position-relative h-element\">\r\n                  <!---->\r\n                  <a href=\"https:\/\/get.teamviewer.com\/cs-2000_remotesupport\" target=\"_blank\" h-use-smooth-scroll=\"true\" rel=\"noopener\"><span class=\"h-svg-icon h-icon__icon style-547-icon style-local-7-c13-icon\"><!--Icon by Icons8 Line Awesome (https:\/\/icons8.com\/line-awesome)--><svg version=\"1.1\" xmlns=\"http:\/\/www.w3.org\/2000\/svg\" xmlns:xlink=\"http:\/\/www.w3.org\/1999\/xlink\" id=\"headphones\" viewBox=\"0 0 512 545.5\"><path d=\"M256 112c97.015 0 176 78.985 176 176v128c0 26.32-21.68 48-48 48h-48V320h64v-32c0-79.722-64.278-144-144-144s-144 64.278-144 144v32h64v144h-48c-26.32 0-48-21.68-48-48V288c0-97.015 78.985-176 176-176zM112 352v64c0 9.04 6.96 16 16 16h16v-80h-32zm256 0v80h16c9.04 0 16-6.96 16-16v-64h-32z\"><\/path><\/svg><\/span><\/a>\r\n                <\/div>\r\n                <div data-colibri-id=\"7-c14\" class=\"d-block style-712 style-local-7-c14 position-relative h-element\">\r\n                  <!---->\r\n                  <div class=\"h-image__frame-container-outer\">\r\n                    <a href=\"https:\/\/get.teamviewer.com\/cs-2000_remotesupport\" h-use-smooth-scroll=\"true\" class=\"image-link\">\r\n                      <div class=\"h-image__frame-container\">\r\n                        <!---->\r\n                        <!---->\r\n                        <img loading=\"lazy\" decoding=\"async\" width=\"235\" height=\"60\" src=\"https:\/\/www.cs-2000.de\/wp-content\/uploads\/2021\/02\/teamviewer.png\" class=\"wp-image-2344 style-712-image style-local-7-c14-image\" alt=\"\" \/>\r\n                        <div class=\"h-image__frame h-hide-lg h-hide-md h-hide-sm style-712-frameImage style-local-7-c14-frameImage\"><\/div>\r\n                      <\/div>\r\n                    <\/a>\r\n                  <\/div>\r\n                <\/div>\r\n              <\/div>\r\n            <\/div>\r\n          <\/div>\r\n          <div class=\"h-column h-column-container d-flex h-col-lg-2 h-col-md-2 h-col-12 style-567-outer style-local-7-c15-outer\">\r\n            <div data-colibri-id=\"7-c15\" class=\"d-flex h-flex-basis h-column__inner h-px-lg-1 h-px-md-1 h-px-1 v-inner-lg-1 v-inner-md-1 v-inner-1 style-567 style-local-7-c15 position-relative\">\r\n              <!---->\r\n              <!---->\r\n              <div class=\"w-100 h-y-container h-column__content h-column__v-align flex-basis-100 align-self-lg-center align-self-md-center align-self-center\">\r\n                <!---->\r\n                <div data-colibri-id=\"7-c16\" class=\"d-block style-570 style-local-7-c16 position-relative h-element\">\r\n                  <!---->\r\n                  <div class=\"h-image__frame-container-outer\">\r\n                    <a href=\"https:\/\/get.teamviewer.com\/cs-2000_remotesupport\" h-use-smooth-scroll=\"true\" class=\"image-link\">\r\n                      <div class=\"h-image__frame-container\">\r\n                        <!---->\r\n                        <!---->\r\n                        <img loading=\"lazy\" decoding=\"async\" width=\"272\" height=\"580\" src=\"https:\/\/www.cs-2000.de\/wp-content\/uploads\/2021\/02\/teamviewer_cs.png\" class=\"wp-image-2362 style-570-image style-local-7-c16-image\" alt=\"\" srcset=\"https:\/\/www.cs-2000.de\/wp-content\/uploads\/2021\/02\/teamviewer_cs.png 272w, https:\/\/www.cs-2000.de\/wp-content\/uploads\/2021\/02\/teamviewer_cs-141x300.png 141w\" sizes=\"auto, (max-width: 272px) 100vw, 272px\" \/>\r\n                        <div class=\"h-image__frame h-hide-lg h-hide-md h-hide-sm style-570-frameImage style-local-7-c16-frameImage\"><\/div>\r\n                      <\/div>\r\n                    <\/a>\r\n                  <\/div>\r\n                <\/div>\r\n              <\/div>\r\n            <\/div>\r\n          <\/div>\r\n        <\/div>\r\n      <\/div>\r\n    <\/div>\r\n  <\/div>\r\n<\/div>","protected":false},"excerpt":{"rendered":"<p>Ihr IT &#8211; Dienstleistungspartner und 24-Stunden-Notdienst f\u00fcr den Raum Leipzig und Umgebung. Wir als Dienstleistungsunternehmen und Ihr starker Partner auf dem Gebiet der &#8222;Intelligenten Technologien&#8220; bieten unsere Consultingleistungen zu fairen Preisen und Top-Qualit\u00e4t kleinen und mittelst\u00e4ndischen Firmen und Unternehmen, aber auch Privatpersonen an. Fragen Sie uns einfach, wir helfen Ihnen gern weiter. Sie sind auf [&hellip;]<\/p>\n","protected":false},"author":1,"featured_media":0,"parent":0,"menu_order":0,"comment_status":"closed","ping_status":"closed","template":"page-templates\/full-width-page.php","meta":{"footnotes":""},"class_list":["post-7","page","type-page","status-publish","hentry"],"_links":{"self":[{"href":"https:\/\/www.cs-2000.de\/index.php?rest_route=\/wp\/v2\/pages\/7","targetHints":{"allow":["GET"]}}],"collection":[{"href":"https:\/\/www.cs-2000.de\/index.php?rest_route=\/wp\/v2\/pages"}],"about":[{"href":"https:\/\/www.cs-2000.de\/index.php?rest_route=\/wp\/v2\/types\/page"}],"author":[{"embeddable":true,"href":"https:\/\/www.cs-2000.de\/index.php?rest_route=\/wp\/v2\/users\/1"}],"replies":[{"embeddable":true,"href":"https:\/\/www.cs-2000.de\/index.php?rest_route=%2Fwp%2Fv2%2Fcomments&post=7"}],"version-history":[{"count":20,"href":"https:\/\/www.cs-2000.de\/index.php?rest_route=\/wp\/v2\/pages\/7\/revisions"}],"predecessor-version":[{"id":2595,"href":"https:\/\/www.cs-2000.de\/index.php?rest_route=\/wp\/v2\/pages\/7\/revisions\/2595"}],"wp:attachment":[{"href":"https:\/\/www.cs-2000.de\/index.php?rest_route=%2Fwp%2Fv2%2Fmedia&parent=7"}],"curies":[{"name":"wp","href":"https:\/\/api.w.org\/{rel}","templated":true}]}}