{"id":66,"date":"2020-12-01T14:31:57","date_gmt":"2020-12-01T14:31:57","guid":{"rendered":"https:\/\/www.cs-2000.de\/?page_id=66"},"modified":"2021-01-18T10:08:26","modified_gmt":"2021-01-18T10:08:26","slug":"5-2","status":"publish","type":"page","link":"https:\/\/www.cs-2000.de\/?page_id=66","title":{"rendered":"Kunden"},"content":{"rendered":"<div data-colibri-id=\"66-c1\" class=\"style-590 style-local-66-c1 position-relative\">\n  <!---->\n  <div data-colibri-component=\"section\" data-colibri-id=\"66-c2\" id=\"initial-content\" class=\"h-section h-section-global-spacing d-flex align-items-lg-center align-items-md-center align-items-center style-591 style-local-66-c2 position-relative\">\n    <!---->\n    <!---->\n    <div class=\"h-section-grid-container h-section-boxed-container\">\n      <!---->\n      <div data-colibri-id=\"66-c3\" class=\"h-row-container gutters-row-lg-1 gutters-row-md-1 gutters-row-0 gutters-row-v-lg-1 gutters-row-v-md-1 gutters-row-v-1 style-592 style-local-66-c3 position-relative\">\n        <!---->\n        <div class=\"h-row justify-content-lg-center justify-content-md-center justify-content-center align-items-lg-stretch align-items-md-stretch align-items-stretch gutters-col-lg-1 gutters-col-md-1 gutters-col-0 gutters-col-v-lg-1 gutters-col-v-md-1 gutters-col-v-1\">\n          <!---->\n          <div class=\"h-column h-column-container d-flex h-col-lg-auto h-col-md-auto h-col-auto style-593-outer style-local-66-c4-outer\">\n            <div data-colibri-id=\"66-c4\" class=\"d-flex h-flex-basis h-column__inner h-px-lg-1 h-px-md-1 h-px-1 v-inner-lg-1 v-inner-md-1 v-inner-1 style-593 style-local-66-c4 position-relative\">\n              <!---->\n              <!---->\n              <div class=\"w-100 h-y-container h-column__content h-column__v-align flex-basis-100 align-self-lg-start align-self-md-start align-self-start\">\n                <!---->\n                <div data-colibri-id=\"66-c5\" class=\"style-594 style-local-66-c5 position-relative h-element\">\n                  <!---->\n                  <div>\n                    \n                    <p>Mit Firmenkunden setzen wir uns gern pers\u00f6nlich zusammen und erstellen gemeinsam ein individuelles und auf Ihre Bed\u00fcrfnisse angepasstes Konzept. Wir bieten Ihnen sowohl Wartungsvertr\u00e4ge mit Reaktionszeiten bis zu 2 Stunden und das\n                      24 Stunden t\u00e4glich und 7 Tage die Woche als auch g\u00fcnstige Abrechnungss\u00e4tze auf Stundenbasis an.<\/p>\n                    \n\n                    \n                    <p>F\u00fcr uns und unsere Partnerfirmen ist kein Problem unl\u00f6sbar. Kostentransparenz steht bei uns grunds\u00e4tzlich im Vordergrund. Ob Ihr System geplant werden soll oder bereits besteht, ob Ihr System aus einem PC oder aus einer Landschaft\n                      von mehreren hundert Servern und Client PC&#8217;s besteht, ist dabei Nebensache.<\/p>\n                    \n\n                    \n                    <p>Bei einem Vor-Ort-Termin in Ihrem Unternehmen unterbreiten wir Ihnen gern unser Konzept.<\/p>\n                    \n\n                    \n                    <p>Rufen Sie uns einfach an oder schicken Sie uns eine E-Mail! Wir setzen uns dann umgehend mit Ihnen in Verbindung.<\/p>\n                    \n\n                    \n                    <p><strong>Unsere Schwerpunktgebiete:<\/strong><\/p>\n                    \n\n                    \n                    <ul class=\"wp-block-list\">\n                      <li>Planung und Aufbau von IP-Netzwerken<\/li>\n                      <li>Windows-, Linux- und Mac-Umgebungen<\/li>\n                      <li>Administration (bis 24 Stunden t\u00e4glich)<\/li>\n                      <li>Verkauf von Hard- und Software<\/li>\n                      <li>Consulting-Leistungen<\/li>\n                      <li>Software- und Lizenz-Management<\/li>\n                      <li>Fernwartung mit automatischer Alarmierung durch Netzwerk-Management<\/li>\n                      <li>Instandsetzung, Reparatur, Leihger\u00e4te<\/li>\n                      <li>Einbruch- und Brandmeldetechnik<\/li>\n                      <li>Telekommunikationstechnik<\/li>\n                      <li>RDP und VPN<\/li>\n                      <li>Firewall-Systeme (Linux, Cisco, Checkpoint u.a.)<\/li>\n                      <li>Internetzug\u00e4nge, Festverbindungen<\/li>\n                      <li>Notrufsysteme<\/li>\n                      <li>Schulungen<\/li>\n                      <li>Programmierungen (Access, VB, PHP, html, u.a.)<\/li>\n                      <li>u.v.m.<\/li>\n                    <\/ul>\n                    \n                  <\/div>\n                <\/div>\n              <\/div>\n            <\/div>\n          <\/div>\n        <\/div>\n      <\/div>\n    <\/div>\n  <\/div>\n<\/div>","protected":false},"excerpt":{"rendered":"<p>Mit Firmenkunden setzen wir uns gern pers\u00f6nlich zusammen und erstellen gemeinsam ein individuelles und auf Ihre Bed\u00fcrfnisse angepasstes Konzept. Wir bieten Ihnen sowohl Wartungsvertr\u00e4ge mit Reaktionszeiten bis zu 2 Stunden und das 24 Stunden t\u00e4glich und 7 Tage die Woche als auch g\u00fcnstige Abrechnungss\u00e4tze auf Stundenbasis an. F\u00fcr uns und unsere Partnerfirmen ist kein Problem [&hellip;]<\/p>\n","protected":false},"author":1,"featured_media":0,"parent":0,"menu_order":0,"comment_status":"closed","ping_status":"closed","template":"page-templates\/full-width-page.php","meta":{"footnotes":""},"class_list":["post-66","page","type-page","status-publish","hentry"],"_links":{"self":[{"href":"https:\/\/www.cs-2000.de\/index.php?rest_route=\/wp\/v2\/pages\/66","targetHints":{"allow":["GET"]}}],"collection":[{"href":"https:\/\/www.cs-2000.de\/index.php?rest_route=\/wp\/v2\/pages"}],"about":[{"href":"https:\/\/www.cs-2000.de\/index.php?rest_route=\/wp\/v2\/types\/page"}],"author":[{"embeddable":true,"href":"https:\/\/www.cs-2000.de\/index.php?rest_route=\/wp\/v2\/users\/1"}],"replies":[{"embeddable":true,"href":"https:\/\/www.cs-2000.de\/index.php?rest_route=%2Fwp%2Fv2%2Fcomments&post=66"}],"version-history":[{"count":6,"href":"https:\/\/www.cs-2000.de\/index.php?rest_route=\/wp\/v2\/pages\/66\/revisions"}],"predecessor-version":[{"id":2063,"href":"https:\/\/www.cs-2000.de\/index.php?rest_route=\/wp\/v2\/pages\/66\/revisions\/2063"}],"wp:attachment":[{"href":"https:\/\/www.cs-2000.de\/index.php?rest_route=%2Fwp%2Fv2%2Fmedia&parent=66"}],"curies":[{"name":"wp","href":"https:\/\/api.w.org\/{rel}","templated":true}]}}