{"id":58,"date":"2020-12-01T14:30:29","date_gmt":"2020-12-01T14:30:29","guid":{"rendered":"https:\/\/www.cs-2000.de\/?page_id=58"},"modified":"2021-02-05T08:05:33","modified_gmt":"2021-02-05T08:05:33","slug":"1-2","status":"publish","type":"page","link":"https:\/\/www.cs-2000.de\/?page_id=58","title":{"rendered":"Consulting"},"content":{"rendered":"<div data-colibri-id=\"58-c1\" class=\"style-442 style-local-58-c1 position-relative\">\n  <!---->\n  <div data-colibri-component=\"section\" data-colibri-id=\"58-c2\" id=\"initial-content\" class=\"h-section h-section-global-spacing d-flex align-items-lg-center align-items-md-center align-items-center style-443 style-local-58-c2 position-relative\">\n    <!---->\n    <!---->\n    <div class=\"h-section-grid-container h-section-boxed-container\">\n      <!---->\n      <div data-colibri-id=\"58-c3\" class=\"h-row-container gutters-row-lg-1 gutters-row-md-1 gutters-row-0 gutters-row-v-lg-1 gutters-row-v-md-1 gutters-row-v-1 style-444 style-local-58-c3 position-relative\">\n        <!---->\n        <div class=\"h-row justify-content-lg-center justify-content-md-center justify-content-center align-items-lg-stretch align-items-md-stretch align-items-stretch gutters-col-lg-1 gutters-col-md-1 gutters-col-0 gutters-col-v-lg-1 gutters-col-v-md-1 gutters-col-v-1\">\n          <!---->\n          <div class=\"h-column h-column-container d-flex h-col-lg-auto h-col-md-auto h-col-auto style-445-outer style-local-58-c4-outer\">\n            <div data-colibri-id=\"58-c4\" class=\"d-flex h-flex-basis h-column__inner h-px-lg-1 h-px-md-1 h-px-1 v-inner-lg-1 v-inner-md-1 v-inner-1 style-445 style-local-58-c4 position-relative\">\n              <!---->\n              <!---->\n              <div class=\"w-100 h-y-container h-column__content h-column__v-align flex-basis-100 align-self-lg-start align-self-md-start align-self-start\">\n                <!---->\n                <div data-colibri-id=\"58-c5\" class=\"style-446 style-local-58-c5 position-relative h-element\">\n                  <!---->\n                  <div>\n                    \n                    <p>Der Computer Service &#8211; 2000 (kurz CS-2000) stammt aus Leipzig. 1999 haben wir als \u201cComputer Notdienst\u201d begonnen und sind auf Kundenwunsch im Raum Leipzig und Umgebung f\u00fcr Sie unterwegs. Unsere Aufgabe bestand anfangs lediglich darin,\n                      Privatpersonen unsere Dienstleistungen rund um den Personal Computer anzubieten. Dazu geh\u00f6rt in erster Linie die Fehlerbereinigung der Hard- und Software und die Aufr\u00fcstung der vorhandenen Technik.<\/p>\n                    \n\n                    \n                    <p>Mittlerweile sind wir im Verkauf von PCs und PC Komponenten genau so stark wie im IT Service. Die Betreuung von zahlreichen mittelst\u00e4ndischen Unternehmen und Firmen geh\u00f6rt heute zu unseren Hauptaufgaben. Wir sind Ihr kompetenter Ansprechpartner\n                      bei der Projektierung, Realisierung, Wartung und Betreuung Ihrer IT &#8211; Netze und &#8211; Systeme.\n                      <br>\n                      <br>Neben regelm\u00e4\u00dfigen Schulungen bilden wir uns auch privat st\u00e4ndig weiter um gerade auf diesem schnelllebigen Markt bestehen zu k\u00f6nnen. Unser Team besteht aus einer perfekten Mischung von Spezialisten aus den IT Teilbereichen (Hardware,\n                      Software, Security, Netzwerk, Programmierung, Einbruch- und Brandmeldetechnik etc.).<\/p>\n                    \n\n                    \n                    <p>\n                      <br>Besonders den Leipzigern wollen wir beweisen, dass guter vor Ort Service nicht teuer sein muss.<\/p>\n                    \n\n                    \n                    <p>Am 01.01.2007 haben wir unseren Service noch einmal erweitert: In&nbsp;der&nbsp;Dieskaustra\u00dfe 423 in 04249 Leipzig&nbsp;konnten wir unseren Kunden auf ca. 130qm Verkaufsfl\u00e4che alles rund um den PC bieten. Ob Service&nbsp;oder Beratung,\n                      Verkauf von Komplettsystemen oder PC-Komponenten bis hin zur Individual-Schulung haben wir unser Angebot und Sortiment somit nochmals erweitern k\u00f6nnen.<\/p>\n                    \n\n                    \n                    <p>Seit dem&nbsp;<strong>01.11.2019<\/strong>&nbsp;sind wir nun, zusammen mit Flightdeck L.E., in&nbsp;<strong>04420 Markranst\u00e4dt, Gewerbeviertel 14<\/strong>&nbsp;f\u00fcr Sie da!\n                      <br>Hier bieten wir Ihnen auf ca. 700 qm alles auf einem Platz an.\n                      <br>Die Highlights:\n                      <br>&#8211; reichlich kostenlose Parkpl\u00e4tze\n                      <br>&#8211; Top Anbindung und Erreichbarkeit aus allen Richtungen\n                      <br>&#8211; gro\u00dfer Laden- und Servicebereich\n                      <br>&#8211; getrennter Supportbereich\n                      <br>&#8211; getrennte Briefingbereiche f\u00fcr Schulungen\n                      <br>&#8211; gro\u00dfer Eventbereich f\u00fcr Veranstaltungen aller Art (Seminare, Schulungen usw.) mit Licht- und Tontechnik\n                      <br>&#8211; perfekte Trennung von CS-2000 und Flightdeck L.E., dennoch nah genug f\u00fcr Kombiveranstaltungen (T\u00fcr-an-T\u00fcr)\n                      <br>&#8211; Hol- und Bringe-Service, f\u00fcr&nbsp;unsere Bestandskunden aus dem Gebiet Knauthain \/ Knautkleeberg&nbsp;\n                      <br>\n                      <br>Schauen Sie doch mal vorbei, wir freuen uns auf Ihren Besuch.<\/p>\n                    \n\n                    \n                    <p>Profitieren Sie von unserer Erfahrung und lassen Sie sich von unserem Kompetenten Service-Team beraten.<\/p>\n                    \n\n                    \n                    <p>Wir sind von&nbsp;Montag bis Freitag&nbsp;in der Zeit von&nbsp;08:00 bis 18:00 Uhr&nbsp;f\u00fcr Sie da!\n                      <br>Technikersprechstunde, nach Voranmeldung, von 16:00 &#8211; 18:00 Uhr, Freitag ab 14 Uhr.<\/p>\n                    \n                  <\/div>\n                <\/div>\n              <\/div>\n            <\/div>\n          <\/div>\n        <\/div>\n      <\/div>\n    <\/div>\n  <\/div>\n<\/div>","protected":false},"excerpt":{"rendered":"<p>Der Computer Service &#8211; 2000 (kurz CS-2000) stammt aus Leipzig. 1999 haben wir als \u201cComputer Notdienst\u201d begonnen und sind auf Kundenwunsch im Raum Leipzig und Umgebung f\u00fcr Sie unterwegs. Unsere Aufgabe bestand anfangs lediglich darin, Privatpersonen unsere Dienstleistungen rund um den Personal Computer anzubieten. Dazu geh\u00f6rt in erster Linie die Fehlerbereinigung der Hard- und Software [&hellip;]<\/p>\n","protected":false},"author":1,"featured_media":0,"parent":0,"menu_order":0,"comment_status":"closed","ping_status":"closed","template":"page-templates\/full-width-page.php","meta":{"footnotes":""},"class_list":["post-58","page","type-page","status-publish","hentry"],"_links":{"self":[{"href":"https:\/\/www.cs-2000.de\/index.php?rest_route=\/wp\/v2\/pages\/58","targetHints":{"allow":["GET"]}}],"collection":[{"href":"https:\/\/www.cs-2000.de\/index.php?rest_route=\/wp\/v2\/pages"}],"about":[{"href":"https:\/\/www.cs-2000.de\/index.php?rest_route=\/wp\/v2\/types\/page"}],"author":[{"embeddable":true,"href":"https:\/\/www.cs-2000.de\/index.php?rest_route=\/wp\/v2\/users\/1"}],"replies":[{"embeddable":true,"href":"https:\/\/www.cs-2000.de\/index.php?rest_route=%2Fwp%2Fv2%2Fcomments&post=58"}],"version-history":[{"count":12,"href":"https:\/\/www.cs-2000.de\/index.php?rest_route=\/wp\/v2\/pages\/58\/revisions"}],"predecessor-version":[{"id":2580,"href":"https:\/\/www.cs-2000.de\/index.php?rest_route=\/wp\/v2\/pages\/58\/revisions\/2580"}],"wp:attachment":[{"href":"https:\/\/www.cs-2000.de\/index.php?rest_route=%2Fwp%2Fv2%2Fmedia&parent=58"}],"curies":[{"name":"wp","href":"https:\/\/api.w.org\/{rel}","templated":true}]}}