{"id":2389,"date":"2021-02-04T13:29:40","date_gmt":"2021-02-04T13:29:40","guid":{"rendered":"https:\/\/www.cs-2000.de\/?page_id=2389"},"modified":"2021-02-04T13:32:01","modified_gmt":"2021-02-04T13:32:01","slug":"support","status":"publish","type":"page","link":"https:\/\/www.cs-2000.de\/?page_id=2389","title":{"rendered":"Support"},"content":{"rendered":"<div data-colibri-id=\"2389-c1\" class=\"style-697 style-local-2389-c1 position-relative\">\n  <!---->\n  <div data-colibri-component=\"section\" data-colibri-id=\"2389-c2\" id=\"initial-content\" class=\"h-section h-section-global-spacing d-flex align-items-lg-center align-items-md-center align-items-center style-698 style-local-2389-c2 position-relative\">\n    <!---->\n    <!---->\n    <div class=\"h-section-grid-container h-section-boxed-container\">\n      <!---->\n      <div data-colibri-id=\"2389-c3\" class=\"h-row-container gutters-row-lg-1 gutters-row-md-1 gutters-row-0 gutters-row-v-lg-1 gutters-row-v-md-1 gutters-row-v-1 style-699 style-local-2389-c3 position-relative\">\n        <!---->\n        <div class=\"h-row justify-content-lg-center justify-content-md-center justify-content-center align-items-lg-stretch align-items-md-stretch align-items-stretch gutters-col-lg-1 gutters-col-md-1 gutters-col-0 gutters-col-v-lg-1 gutters-col-v-md-1 gutters-col-v-1\">\n          <!---->\n          <div class=\"h-column h-column-container d-flex h-col-lg-auto h-col-md-auto h-col-auto style-700-outer style-local-2389-c4-outer\">\n            <div data-colibri-id=\"2389-c4\" class=\"d-flex h-flex-basis h-column__inner h-px-lg-1 h-px-md-1 h-px-1 v-inner-lg-1 v-inner-md-1 v-inner-1 style-700 style-local-2389-c4 position-relative\">\n              <!---->\n              <!---->\n              <div class=\"w-100 h-y-container h-column__content h-column__v-align flex-basis-100 align-self-lg-start align-self-md-start align-self-start\">\n                <!---->\n                <div data-colibri-id=\"2389-c5\" class=\"style-701 style-local-2389-c5 position-relative h-element\">\n                  <!---->\n                  <div>\n                    \n                    <p>Sie ben\u00f6tigen Hilfe an Ihrem PC? Kein Problem mit dem Online-Support-Tool haben wir die M\u00f6glichkeit, Ihnen schnell und kosteng\u00fcnstig Hilfestellungen Remote auf Ihrem Computer zu geben. Laden Sie sich einfach das Support-Tool herunter\n                      und nehmen Sie telefonisch Kontakt mit uns auf!&nbsp;<strong><a rel=\"noreferrer noopener\" href=\"https:\/\/get.teamviewer.com\/cs-2000_remotesupport\" target=\"_blank\">Remote Support Tool jetzt herunterladen<\/a><\/strong> Mit der Eingabe\n                      Ihrer pers\u00f6nlichen Daten und dem Absenden dieser best\u00e4tigen Sie, dass Sie unsere AGB und&nbsp;insbesondere die Datenschutzerkl\u00e4rung (die Links dazu finden Sie unten im Impressum) gelesen und verstanden haben und diesen zustimmen.&nbsp;<\/p>\n                    \n\n                    \n                    <p> <\/p>\n                    \n\n                    \n                    <div class=\"wp-block-image\">\n                      <figure class=\"aligncenter size-large\">\n                        <a href=\"https:\/\/get.teamviewer.com\/cs-2000_remotesupport\" target=\"_blank\" rel=\"CS-2000 QuickSupport noopener\">\n                          <img loading=\"lazy\" decoding=\"async\" width=\"272\" height=\"580\" src=\"https:\/\/www.cs-2000.de\/wp-content\/uploads\/2021\/02\/teamviewer_cs.png\" alt=\"\" class=\"wp-image-2362\" srcset=\"https:\/\/www.cs-2000.de\/wp-content\/uploads\/2021\/02\/teamviewer_cs.png 272w, https:\/\/www.cs-2000.de\/wp-content\/uploads\/2021\/02\/teamviewer_cs-141x300.png 141w\" sizes=\"auto, (max-width: 272px) 100vw, 272px\" \/>\n                        <\/a>\n                      <\/figure>\n                    <\/div>\n                    \n                  <\/div>\n                <\/div>\n              <\/div>\n            <\/div>\n          <\/div>\n        <\/div>\n      <\/div>\n    <\/div>\n  <\/div>\n<\/div>","protected":false},"excerpt":{"rendered":"<p>Sie ben\u00f6tigen Hilfe an Ihrem PC? Kein Problem mit dem Online-Support-Tool haben wir die M\u00f6glichkeit, Ihnen schnell und kosteng\u00fcnstig Hilfestellungen Remote auf Ihrem Computer zu geben. Laden Sie sich einfach das Support-Tool herunter und nehmen Sie telefonisch Kontakt mit uns auf!&nbsp;Remote Support Tool jetzt herunterladen Mit der Eingabe Ihrer pers\u00f6nlichen Daten und dem Absenden dieser [&hellip;]<\/p>\n","protected":false},"author":1,"featured_media":0,"parent":0,"menu_order":0,"comment_status":"closed","ping_status":"closed","template":"page-templates\/full-width-page.php","meta":{"footnotes":""},"class_list":["post-2389","page","type-page","status-publish","hentry"],"_links":{"self":[{"href":"https:\/\/www.cs-2000.de\/index.php?rest_route=\/wp\/v2\/pages\/2389","targetHints":{"allow":["GET"]}}],"collection":[{"href":"https:\/\/www.cs-2000.de\/index.php?rest_route=\/wp\/v2\/pages"}],"about":[{"href":"https:\/\/www.cs-2000.de\/index.php?rest_route=\/wp\/v2\/types\/page"}],"author":[{"embeddable":true,"href":"https:\/\/www.cs-2000.de\/index.php?rest_route=\/wp\/v2\/users\/1"}],"replies":[{"embeddable":true,"href":"https:\/\/www.cs-2000.de\/index.php?rest_route=%2Fwp%2Fv2%2Fcomments&post=2389"}],"version-history":[{"count":2,"href":"https:\/\/www.cs-2000.de\/index.php?rest_route=\/wp\/v2\/pages\/2389\/revisions"}],"predecessor-version":[{"id":2394,"href":"https:\/\/www.cs-2000.de\/index.php?rest_route=\/wp\/v2\/pages\/2389\/revisions\/2394"}],"wp:attachment":[{"href":"https:\/\/www.cs-2000.de\/index.php?rest_route=%2Fwp%2Fv2%2Fmedia&parent=2389"}],"curies":[{"name":"wp","href":"https:\/\/api.w.org\/{rel}","templated":true}]}}