{"id":2253,"date":"2021-01-18T12:26:51","date_gmt":"2021-01-18T12:26:51","guid":{"rendered":"https:\/\/www.cs-2000.de\/?page_id=2253"},"modified":"2021-01-18T12:28:27","modified_gmt":"2021-01-18T12:28:27","slug":"agb","status":"publish","type":"page","link":"https:\/\/www.cs-2000.de\/?page_id=2253","title":{"rendered":"AGB"},"content":{"rendered":"<div data-colibri-id=\"2253-c1\" class=\"style-662 style-local-2253-c1 position-relative\">\n  <!---->\n  <div data-colibri-component=\"section\" data-colibri-id=\"2253-c2\" id=\"initial-content\" class=\"h-section h-section-global-spacing d-flex align-items-lg-center align-items-md-center align-items-center style-663 style-local-2253-c2 position-relative\">\n    <!---->\n    <!---->\n    <div class=\"h-section-grid-container h-section-boxed-container\">\n      <!---->\n      <div data-colibri-id=\"2253-c3\" class=\"h-row-container gutters-row-lg-1 gutters-row-md-1 gutters-row-0 gutters-row-v-lg-1 gutters-row-v-md-1 gutters-row-v-1 style-664 style-local-2253-c3 position-relative\">\n        <!---->\n        <div class=\"h-row justify-content-lg-center justify-content-md-center justify-content-center align-items-lg-stretch align-items-md-stretch align-items-stretch gutters-col-lg-1 gutters-col-md-1 gutters-col-0 gutters-col-v-lg-1 gutters-col-v-md-1 gutters-col-v-1\">\n          <!---->\n          <div class=\"h-column h-column-container d-flex h-col-lg-auto h-col-md-auto h-col-auto style-665-outer style-local-2253-c4-outer\">\n            <div data-colibri-id=\"2253-c4\" class=\"d-flex h-flex-basis h-column__inner h-px-lg-1 h-px-md-1 h-px-1 v-inner-lg-1 v-inner-md-1 v-inner-1 style-665 style-local-2253-c4 position-relative\">\n              <!---->\n              <!---->\n              <div class=\"w-100 h-y-container h-column__content h-column__v-align flex-basis-100 align-self-lg-start align-self-md-start align-self-start\">\n                <!---->\n                <div data-colibri-id=\"2253-c5\" class=\"style-666 style-local-2253-c5 position-relative h-element\">\n                  <!---->\n                  <div>\n                    \n                    <p><strong>Allgemeine Gesch\u00e4ftsbedingungen des<\/strong><\/p>\n                    \n\n                    \n                    <p><strong>Computer Service &#8211; 2000 (kurz CS-2000)<br>04420 Markranst\u00e4dt, Gewerbeviertel 14<\/strong><\/p>\n                    \n\n                    \n                    <p><strong>I. Allgemeine Bestimmungen<\/strong><\/p>\n                    \n\n                    \n                    <ol class=\"wp-block-list\">\n                      <li>Die nachstehenden Bedingungen gelten f\u00fcr alle gegenw\u00e4rtigen und zuk\u00fcnftigen Vertr\u00e4ge, Lieferungen und sonstigen Leistungen zwischen Computer Service &#8211; 2000 (Mario Frauenheim), im folgenden Verk\u00e4ufer, und dem Kunden (K\u00e4ufer). Abweichende\n                        Bedingungen des Kunden, die nicht ausdr\u00fccklich schriftlich anerkannt wurden, sind stets unverbindlich, auch wenn wir ihnen nicht ausdr\u00fccklich widersprechen.<\/li>\n                      <li>Alle in unseren Lieferungen und Leistungen werden vom Verk\u00e4ufer oder von einem unserer Vertragsunternehmen ausgef\u00fchrt.<\/li>\n                    <\/ol>\n                    \n\n                    \n                    <p><strong>II. Angebot und Vertragsabschluss<\/strong><\/p>\n                    \n\n                    \n                    <ol class=\"wp-block-list\">\n                      <li>Alle Angebote sind hinsichtlich Preisen, Liefertermin und sonstigem Inhalt freibleibend.<\/li>\n                      <li>Ein Vertrag kommt erst dann zustande, wenn wir die Bestellung des Kunden schriftlich best\u00e4tigen.<\/li>\n                      <li>Bei Abschl\u00fcssen, deren Erf\u00fcllung in mehreren Lieferungen erfolgt, gilt jede Lieferung als besonderes Gesch\u00e4ft.<\/li>\n                      <li>Alle Vereinbarungen, Nebenabreden, Zusicherungen und Vertrags\u00e4nderungen bed\u00fcrfen der Schriftform.<\/li>\n                    <\/ol>\n                    \n\n                    \n                    <p><strong>III. Preise und Zahlung<\/strong><\/p>\n                    \n\n                    \n                    <ol class=\"wp-block-list\">\n                      <li>Angebotene Preise sind nur verbindlich, wenn sie in der Auftragsbest\u00e4tigung oder der Rechnung schriftlich zugesagt worden. S\u00e4mtliche Preise verstehen sich in Euro inkl. der aktuellen Mehrwertsteuer ab Lager Leipzig, ausschlie\u00dflich\n                        Versand und Verpackung, wenn nicht anders angegeben bzw. vereinbart wurde.<\/li>\n                      <li>Alle Zahlungen erfolgen bar, durch Scheck oder \u00dcberweisung, Skonto wird nicht gew\u00e4hrt. Die Hereinnahme von Wechseln ist ausgeschlossen.<\/li>\n                      <li>Bei Zahlungsverzug sind wir berechtigt, Verzugszinsen in H\u00f6he von bis zu 4% \u00fcber dem Bundesbankdiskontsatz zu berechnen.<\/li>\n                    <\/ol>\n                    \n\n                    \n                    <p><strong>IV. Lieferung, Versand und Produktdarstellung<\/strong><\/p>\n                    \n\n                    \n                    <ol class=\"wp-block-list\">\n                      <li>Wir sind bem\u00fcht, angegebene Lieferfristen einzuhalten, diese Angaben sind jedoch unverbindlich.<\/li>\n                      <li>Lieferverz\u00f6gerungen aufgrund h\u00f6herer Gewalt sowie Materialbeschaffungsschwierigkeiten, Betriebsst\u00f6rungen, beh\u00f6rdliche Anordnungen und allgemeine Lieferschwierigkeiten seitens der bezogenen Distributoren hat der Verk\u00e4ufer nicht zu\n                        vertreten. Sie berechtigen den Verk\u00e4ufer, die Lieferfrist angemessen zu verschieben. Lieferverz\u00f6gerungen berechtigen dem Kunden, vom Vertrag zur\u00fcckzutreten. Sind Produkte nicht verf\u00fcgbar, so dass sich die Lieferzeit verz\u00f6gert,\n                        werden wir den Kunden umgehend \u00fcber die Nichtverf\u00fcgbarkeit oder Lieferverz\u00f6gerung informieren. Bereits erbrachte Gegenleistungen werden in diesem Fall umgehend zur\u00fcckerstattet.<\/li>\n                      <li>Die Bilder zu den einzelnen Produkten k\u00f6nnen von dem tats\u00e4chlichen Aussehen, beispielsweise durch Produktionsumstellung abweichen. Jedoch nicht die technischen Anforderungen.<\/li>\n                      <li>Bei Versandgesch\u00e4ften erfolgt die Lieferung zuz\u00fcglich der zum Tage der Bestellung g\u00fcltigen und auf der Bestellseite verzeichneten Transportpauschale.<\/li>\n                    <\/ol>\n                    \n\n                    \n                    <p><strong>V. Eigentumsvorbehalt<\/strong>\n                      <br>(Folgende drei Punkte zu Teil V. gelten nur f\u00fcr Unternehmer, d.h. diese Punkte gelten nicht f\u00fcr Verbraucher im Sinne Paragraph 13 BGB.<\/p>\n                    \n\n                    \n                    <ol class=\"wp-block-list\">\n                      <li>Die gelieferte Ware bleibt bis zur vollst\u00e4ndigen Befriedigung unserer s\u00e4mtlichen Anspr\u00fcche aus der Gesch\u00e4ftsverbindung bis zur endg\u00fcltigen Einl\u00f6sung von Schecks sowie bis zur Unwiderruflichkeit von Lastschriften das Eigentum des\n                        Verk\u00e4ufers. Bei laufender Rechnung gilt das vorbehaltene Eigentum auch als Sicherung f\u00fcr unsere Saldoforderung.<\/li>\n                      <li>Der Kunde darf die Vorbehaltsware nur im gew\u00f6hnlichen Gesch\u00e4ftsverkehr zu seinen normalen Gesch\u00e4ftsbedingungen ver\u00e4u\u00dfern, vorausgesetzt, dass die Forderungen aus der Weiterver\u00e4u\u00dferung auf uns \u00fcbergehen.<\/li>\n                      <li>Zu anderen Verf\u00fcgungen als in Ziffer 2 genannten Verf\u00fcgungen ist der Kunde nicht berechtigt.<\/li>\n                    <\/ol>\n                    \n\n                    \n                    <p><strong>VI. Gew\u00e4hrleistung und Haftungsbeschr\u00e4nkungen<\/strong><\/p>\n                    \n\n                    \n                    <ol class=\"wp-block-list\">\n                      <li>Etwaige M\u00e4ngel der Lieferung hat der Kunde unverz\u00fcglich, sp\u00e4testens aber innerhalb von 8 Tagen nach Empfang der Ware uns schriftlich anzuzeigen. Verdeckte M\u00e4ngel, d.h. solche, die auch bei sorgf\u00e4ltiger Pr\u00fcfung nicht sofort feststellbar\n                        sind, sind unverz\u00fcglich nach der Aufdeckung zu r\u00fcgen.<\/li>\n                      <li>\u00c4nderungen in Konstruktion oder Ausf\u00fchrungen entsprechen dem jeweiligen Stand der Technik. \u00c4nderungen, die wir oder unsere Zulieferer nach Vertragsabschluss vornehmen und welche die Funktionsf\u00e4higkeit des Liefergegenstandes nicht\n                        beeintr\u00e4chtigen, berechtigen nicht zur R\u00fcge.<\/li>\n                      <li>Gew\u00e4hrleistungsanspr\u00fcche sind ausgeschlossen, wenn die Ware, obwohl der Mangel vom Kunden entdeckt worden ist, nicht rechtzeitig angezeigt worden ist oder ganz oder teilweise weiterver\u00e4u\u00dfert oder in Bearbeitung oder in Gebrauch genommen\n                        worden ist. Gleiches gilt, wenn aufgetretene M\u00e4ngel durch Bedienungsfehler entstanden sind oder durch unsachgem\u00e4\u00dfe Lagerung oder Benutzung der Ware bzw. wenn von uns nicht autorisierte Dritte Reparaturen oder irgendwelche Ver\u00e4nderungen\n                        an gelieferten Ger\u00e4ten oder Apparaten vorgenommen haben. Ausgeschlossen sind ebenso Sch\u00e4den, die durch uns nicht zu vertreten sind, wie Umwelteinfl\u00fcsse, Feuchtigkeit, Stromschlag, Staub, u.\u00c4..<\/li>\n                      <li>F\u00fcr gelieferte Software, Systembeschreibungen und Handb\u00fccher wird grunds\u00e4tzlich keine Gew\u00e4hrleistung \u00fcbernommen. Dies gilt ebenfalls f\u00fcr Daten auf Datentr\u00e4gern aller Art, auch dann, wenn sie sich auf Datentr\u00e4gern Dritter befunden\n                        haben.<\/li>\n                      <li>Verschlei\u00dferscheinungen l\u00f6sen keine Gew\u00e4hrleistung aus.<\/li>\n                      <li>Bei berechtigter M\u00e4ngelr\u00fcge erfolgt nach Ihrer Wahl, Nachbesserung oder Ersatzlieferung. Wenn wir eine uns gestellte Nachfrist verstreichen lassen, ohne den Mangel zu beheben, oder Ersatz zu liefern oder wenn drei Nachbesserungen\n                        unm\u00f6glich sind oder misslingen oder Ersatzlieferungen unm\u00f6glich sind, steht dem Kunden nach seiner Wahl das Recht zu, R\u00fcckg\u00e4ngigmachung des Vertrages oder angemessene Herabsetzung des Kaufpreises zu verlangen. Andere Rechte stehen\n                        dem Kunden nicht zu, insbesondere keine Schadensersatzanspr\u00fcche einschlie\u00dflich Verzugs- und M\u00e4ngelfolgesch\u00e4den, es sei denn, dass wir vors\u00e4tzlich oder grob fahrl\u00e4ssig gehandelt haben. In diesem Fall ist unsere Haftung auf den Wert\n                        unserer Lieferung beschr\u00e4nkt. Verletzungen von Leben, K\u00f6rper und Gesundheit werden hiervon nicht ausgeschlossen.<\/li>\n                      <li>Die Gew\u00e4hrleistungsfrist f\u00fcr jedes einzelne Produkt betr\u00e4gt 24 Monate ab Versanddatum bzw. \u00dcbergabe an den Kunden, soweit nichts Anderes ausdr\u00fccklich vereinbart wurde. Dies gilt ebenfalls f\u00fcr Komplettger\u00e4te mit div. Einzelkomponenten.\n                        Eventuelle Verl\u00e4ngerungen der Garantiezeit durch einzelne Hersteller bleiben hiervon unber\u00fchrt. Um einen Gew\u00e4hrleistungsanspruch geltend zu machen, ist es erforderlich, dem Defektteil eine detaillierte Fehlerbeschreibung mit Angabe\n                        der Seriennummer und einer Kopie der Rechnung, mit dem das Ger\u00e4t geliefert wurde, beizuf\u00fcgen und das Ger\u00e4t mit allem Zubeh\u00f6r inklusive Originalverpackung frei an uns zu schicken. Vor der R\u00fccksendung ist bei uns eine R\u00fccksendungsnummer\n                        (per Kontaktformular oder telefonisch) anzufordern, welche deutlich auf der Sendung anzubringen ist. Das Transportrisiko f\u00fcr den Hin- und R\u00fccktransport tr\u00e4gt in jedem Fall der Kunde. Ersetzte Teile gehen in unser Eigentum \u00fcber.\n                        Durch die Gew\u00e4hrleistung treten keine neuen Gew\u00e4hrfristen in Kraft.<\/li>\n                      <li>Bei ungerechtfertigter M\u00e4ngelr\u00fcge sind wir berechtigt, dem Kunden eine Testpauschale in H\u00f6he von netto Euro 25,- zu berechnen. Dem K\u00e4ufer steht in diesem Falle der Nachweis zu, dass ein Schaden oder eine Wertminderung \u00fcberhaupt nicht\n                        entstanden oder wesentlich niedriger ist, als die Pauschale.<\/li>\n                      <li>Der Versand erfolgt nach unserer Wahl, in der Regel jedoch mit der DHL, zu unserer Gefahr bis zur \u00dcbergabe an den Kunden durch uns oder den jeweiligen Transporteur. Beanstandungen wegen Transportsch\u00e4den hat der Kunde umgehend uns\n                        gegen\u00fcber zu melden.<\/li>\n                      <li>Der Verk\u00e4ufer haftet in keinem Fall f\u00fcr Urheberrechte oder sonstige Rechte Dritter.<\/li>\n                      <li>\u00dcber den Einsatz der von uns gelieferten Waren oder sonstigen Leistungen entscheidet der Kunde eigenverantwortlich. Wir haften nicht f\u00fcr Sch\u00e4den, durch die Verwendung der von uns gelieferten Waren, durch den Kunden.<\/li>\n                    <\/ol>\n                    \n\n                    \n                    <p><strong>VII. Erf\u00fcllungsort und Gerichtsstand<\/strong><\/p>\n                    \n\n                    \n                    <ol class=\"wp-block-list\">\n                      <li>Erf\u00fcllungsort f\u00fcr unsere Lieferungen und Leistungen ist Leipzig. Dies gilt auch f\u00fcr Verpflichtungen des Kunden einschlie\u00dflich Zahlung.<\/li>\n                      <li>Gerichtsstand f\u00fcr alle Streitigkeiten ist Leipzig.<\/li>\n                      <li>Es gilt das Recht der Bundesrepublik Deutschland. Dies gilt auch dann, wenn der Kunde seinen Sitz im Ausland hat oder wenn die Lieferung ins Ausland erfolgt.<\/li>\n                      <li>\u00c4nderungen und Erg\u00e4nzungen dieser allgemeinen Gesch\u00e4ftsbedingungen bed\u00fcrfen zu ihrer Wirksamkeit grunds\u00e4tzlich der Schriftform.<\/li>\n                    <\/ol>\n                    \n\n                    \n                    <p><strong>VIII. Widerrufs- und R\u00fcckgaberecht<\/strong><\/p>\n                    \n\n                    \n                    <p>F\u00fcr Bestellungen in unseren Online-Shops gelten die gesetzlichen Regelungen des Fernabsatzgesetzes vom 30.06.2000. Daraus leitet sich ein 14-t\u00e4giges R\u00fcckgabe- und Widerrufsrecht f\u00fcr Endkunden ab. Es besteht f\u00fcr Endkunden, jedoch nicht\n                      f\u00fcr Gesch\u00e4ftskunden und Wiederverk\u00e4ufer, die M\u00f6glichkeit innerhalb von 14 Tagen nach Lieferung, die bestellte Ware ungebraucht, originalverpackt und in wiederverkaufsf\u00e4higen Zustand zur\u00fcck zu senden. Gebrauchsspuren und Besch\u00e4digungen\n                      berechtigen uns zur Minderung. Unfreie R\u00fccksendungen k\u00f6nnen von uns grunds\u00e4tzlich nicht angenommen. Vor der R\u00fccksendung ist bei uns eine R\u00fccksendungsnummer (per Kontaktformular oder Telefonisch) anzufordern, welche deutlich auf der\n                      Sendung anzubringen ist. Bei Lieferungen mit einem Warenwert unter \u20ac 40,-, werden keinerlei Versandkosten erstattet. Der R\u00fcckversand hat versichert zu erfolgen, es wird der g\u00fcnstigste Versand per Dt. Post AG \/ DHL erstattet.<\/p>\n                    \n\n                    \n                    <p><strong>IX. Umdeutung ung\u00fcltiger Bestimmungen (salvatorische Klausel)<\/strong><\/p>\n                    \n\n                    \n                    <p>Sollte ein Punkt dieser Verkaufs- und Lieferbedingungen unwirksam sein oder werden, so wird der Bestand der \u00fcbrigen Punkte hierdurch nicht ber\u00fchrt. Die Unwirksamkeitsbestimmungen sind durch g\u00fcltige Bestimmungen zu ersetzen, die den\n                      urspr\u00fcnglichen Punkten am n\u00e4chsten kommen.<\/p>\n                    \n\n                    \n                    <p><strong>X. Kundendaten und Datenschutz<\/strong><\/p>\n                    \n\n                    \n                    <p>Hier geht&#8217;s zu unserer Datenschutzvereinbarung<\/p>\n                    \n\n                    \n                    <p><strong>Stand: 01.10.2019<\/strong><\/p>\n                    \n                  <\/div>\n                <\/div>\n              <\/div>\n            <\/div>\n          <\/div>\n        <\/div>\n      <\/div>\n    <\/div>\n  <\/div>\n<\/div>","protected":false},"excerpt":{"rendered":"<p>Allgemeine Gesch\u00e4ftsbedingungen des Computer Service &#8211; 2000 (kurz CS-2000)04420 Markranst\u00e4dt, Gewerbeviertel 14 I. Allgemeine Bestimmungen Die nachstehenden Bedingungen gelten f\u00fcr alle gegenw\u00e4rtigen und zuk\u00fcnftigen Vertr\u00e4ge, Lieferungen und sonstigen Leistungen zwischen Computer Service &#8211; 2000 (Mario Frauenheim), im folgenden Verk\u00e4ufer, und dem Kunden (K\u00e4ufer). Abweichende Bedingungen des Kunden, die nicht ausdr\u00fccklich schriftlich anerkannt wurden, sind stets [&hellip;]<\/p>\n","protected":false},"author":1,"featured_media":0,"parent":0,"menu_order":0,"comment_status":"closed","ping_status":"closed","template":"page-templates\/full-width-page.php","meta":{"footnotes":""},"class_list":["post-2253","page","type-page","status-publish","hentry"],"_links":{"self":[{"href":"https:\/\/www.cs-2000.de\/index.php?rest_route=\/wp\/v2\/pages\/2253","targetHints":{"allow":["GET"]}}],"collection":[{"href":"https:\/\/www.cs-2000.de\/index.php?rest_route=\/wp\/v2\/pages"}],"about":[{"href":"https:\/\/www.cs-2000.de\/index.php?rest_route=\/wp\/v2\/types\/page"}],"author":[{"embeddable":true,"href":"https:\/\/www.cs-2000.de\/index.php?rest_route=\/wp\/v2\/users\/1"}],"replies":[{"embeddable":true,"href":"https:\/\/www.cs-2000.de\/index.php?rest_route=%2Fwp%2Fv2%2Fcomments&post=2253"}],"version-history":[{"count":2,"href":"https:\/\/www.cs-2000.de\/index.php?rest_route=\/wp\/v2\/pages\/2253\/revisions"}],"predecessor-version":[{"id":2258,"href":"https:\/\/www.cs-2000.de\/index.php?rest_route=\/wp\/v2\/pages\/2253\/revisions\/2258"}],"wp:attachment":[{"href":"https:\/\/www.cs-2000.de\/index.php?rest_route=%2Fwp%2Fv2%2Fmedia&parent=2253"}],"curies":[{"name":"wp","href":"https:\/\/api.w.org\/{rel}","templated":true}]}}