{"id":1861,"date":"2021-01-18T08:08:21","date_gmt":"2021-01-18T08:08:21","guid":{"rendered":"https:\/\/www.cs-2000.de\/?page_id=1861"},"modified":"2021-02-04T08:03:51","modified_gmt":"2021-02-04T08:03:51","slug":"leistungen","status":"publish","type":"page","link":"https:\/\/www.cs-2000.de\/?page_id=1861","title":{"rendered":"Leistungen"},"content":{"rendered":"<div data-colibri-id=\"1861-c1\" class=\"style-575 style-local-1861-c1 position-relative\">\r\n  <!---->\r\n  <div data-colibri-component=\"section\" data-colibri-id=\"1861-c2\" id=\"initial-content\" class=\"h-section h-section-global-spacing d-flex align-items-lg-center align-items-md-center align-items-center style-576 style-local-1861-c2 position-relative\">\r\n    <!---->\r\n    <!---->\r\n    <div class=\"h-section-grid-container h-section-boxed-container\">\r\n      <!---->\r\n      <div data-colibri-id=\"1861-c3\" class=\"h-row-container gutters-row-lg-1 gutters-row-md-1 gutters-row-0 gutters-row-v-lg-1 gutters-row-v-md-1 gutters-row-v-1 style-577 style-local-1861-c3 position-relative\">\r\n        <!---->\r\n        <div class=\"h-row justify-content-lg-center justify-content-md-center justify-content-center align-items-lg-stretch align-items-md-stretch align-items-stretch gutters-col-lg-1 gutters-col-md-1 gutters-col-0 gutters-col-v-lg-1 gutters-col-v-md-1 gutters-col-v-1\">\r\n          <!---->\r\n          <div class=\"h-column h-column-container d-flex h-col-lg-auto h-col-md-auto h-col-auto style-578-outer style-local-1861-c4-outer\">\r\n            <div data-colibri-id=\"1861-c4\" class=\"d-flex h-flex-basis h-column__inner h-px-lg-1 h-px-md-1 h-px-1 v-inner-lg-1 v-inner-md-1 v-inner-1 style-578 style-local-1861-c4 position-relative\">\r\n              <!---->\r\n              <!---->\r\n              <div class=\"w-100 h-y-container h-column__content h-column__v-align flex-basis-100 align-self-lg-start align-self-md-start align-self-start\">\r\n                <!---->\r\n                <div data-colibri-id=\"1861-c5\" class=\"style-579 style-local-1861-c5 position-relative h-element\">\r\n                  <!---->\r\n                  <div>\r\n                    \r\n                    <p><strong>IT-Service ohne Kompromisse!<\/strong><\/p>\r\n                    \r\n\r\n                    \r\n                    <p>Hier liegt unser eigentlicher Schwerpunkt. W\u00e4hrend Sie sich um Ihre Firma k\u00fcmmern, sorgen wir daf\u00fcr, dass Ihre EDV stabil und zuverl\u00e4ssig l\u00e4uft. Wir garantieren Ihnen eine sehr hohe Verf\u00fcgbarkeit, von der Planung und Beschaffung \u00fcber\r\n                      die Installation bis hin zur Wartung \u2013 Service aus einer Hand!<\/p>\r\n                    \r\n\r\n                    \r\n                    <p>Und wenn Sie wollen auch 24 Stunden t\u00e4glich.<\/p>\r\n                    \r\n\r\n                    \r\n                    <p><strong>Unsere Leistungen im \u00dcberblick<\/strong><\/p>\r\n                    \r\n\r\n                    \r\n                    <ul class=\"wp-block-list\">\r\n                      <li>Verkauf von Computersystemen, Hard- und Software<\/li>\r\n                      <li>24 Stunden Service mit Soforthilfe und rundum Betreuung von Firmen (mit Wartungsvertrag)<\/li>\r\n                      <li>365 Tage kostenlosen Vor-Ort-Service (nur mit g\u00fcltigem Wartungsvertrag)<\/li>\r\n                      <li>Sofortservice bei PC Systemen<\/li>\r\n                      <li>3 Jahre Garantie bei geringem Aufpreis m\u00f6glich<\/li>\r\n                      <li>Erstellung Ihrer Internet Pr\u00e4senz von der Webvisitenkarte bis zur professionellen\r\n                        <br>kommerziellen oder privaten Homepage mit komplettem Service (durch Partnerunternehmen)\r\n                        <br>(Registrierung Ihres Wunschnamens www.Ihr-Name.de, Organisation des Speicherplatzes,\r\n                        <br>Einrichtung Ihrer e-Mail Adressen sowie Verwaltung und Betreuung Ihrer Domain).<\/li>\r\n                      <li>Erstellung und Betreuung von Datenbanken zur Verwaltung Ihrer betrieblichen Daten nach Ihren Vorstellungen auf MS Access Basis, C++ und VB.<\/li>\r\n                      <li>Computer 24-Stunden Notdienst * mit vor Ort Instandsetzung und Fehlerbereinigung.<\/li>\r\n                      <li>Virenbeseitigung<\/li>\r\n                      <li>Datenrettung und Wiederherstellung<\/li>\r\n                      <li>Wartungsvertr\u00e4ge (auf Wunsch)<\/li>\r\n                      <li>Computerlehrg\u00e4nge (vom Einsteigerkurs bis zum Spezialkurs)<\/li>\r\n                      <li>Vermittlung von Internetzug\u00e4ngen<\/li>\r\n                      <li>Projektierung und Realisierung von IT Netzen<\/li>\r\n                      <li>Administration und Support von Netzwerken, Servern und Software<\/li>\r\n                      <li>Helpdesk und Usersupport<\/li>\r\n                      <li>Kompletter Vor &#8211; Ort Service<\/li>\r\n                      <li>Fernwartungen (Deutschlandweit)<\/li>\r\n                      <li>digitale (verdeckte) Video\u00fcberwachung (POS und UVA Kassenanbindungen)<\/li>\r\n                      <li>Projektierung und Installation von Brand- und Einbruchmeldeanlagen<\/li>\r\n                      <li>und alles was sonst noch in den Bereich EDV f\u00e4llt<\/li>\r\n                    <\/ul>\r\n                    \r\n\r\n                    \r\n                    <p>Haben Sie Fragen an uns dann e-Mail an info(at)cs-2000.de oder Fax an Leipzig 034205 \/ 99 13 91 . Wir freuen uns darauf Sie kennen zu lernen.<\/p>\r\n                    \r\n                  <\/div>\r\n                <\/div>\r\n              <\/div>\r\n            <\/div>\r\n          <\/div>\r\n        <\/div>\r\n      <\/div>\r\n    <\/div>\r\n  <\/div>\r\n<\/div>","protected":false},"excerpt":{"rendered":"<p>IT-Service ohne Kompromisse! Hier liegt unser eigentlicher Schwerpunkt. W\u00e4hrend Sie sich um Ihre Firma k\u00fcmmern, sorgen wir daf\u00fcr, dass Ihre EDV stabil und zuverl\u00e4ssig l\u00e4uft. Wir garantieren Ihnen eine sehr hohe Verf\u00fcgbarkeit, von der Planung und Beschaffung \u00fcber die Installation bis hin zur Wartung \u2013 Service aus einer Hand! Und wenn Sie wollen auch 24 [&hellip;]<\/p>\n","protected":false},"author":1,"featured_media":0,"parent":0,"menu_order":0,"comment_status":"closed","ping_status":"closed","template":"page-templates\/full-width-page.php","meta":{"footnotes":""},"class_list":["post-1861","page","type-page","status-publish","hentry"],"_links":{"self":[{"href":"https:\/\/www.cs-2000.de\/index.php?rest_route=\/wp\/v2\/pages\/1861","targetHints":{"allow":["GET"]}}],"collection":[{"href":"https:\/\/www.cs-2000.de\/index.php?rest_route=\/wp\/v2\/pages"}],"about":[{"href":"https:\/\/www.cs-2000.de\/index.php?rest_route=\/wp\/v2\/types\/page"}],"author":[{"embeddable":true,"href":"https:\/\/www.cs-2000.de\/index.php?rest_route=\/wp\/v2\/users\/1"}],"replies":[{"embeddable":true,"href":"https:\/\/www.cs-2000.de\/index.php?rest_route=%2Fwp%2Fv2%2Fcomments&post=1861"}],"version-history":[{"count":4,"href":"https:\/\/www.cs-2000.de\/index.php?rest_route=\/wp\/v2\/pages\/1861\/revisions"}],"predecessor-version":[{"id":2046,"href":"https:\/\/www.cs-2000.de\/index.php?rest_route=\/wp\/v2\/pages\/1861\/revisions\/2046"}],"wp:attachment":[{"href":"https:\/\/www.cs-2000.de\/index.php?rest_route=%2Fwp%2Fv2%2Fmedia&parent=1861"}],"curies":[{"name":"wp","href":"https:\/\/api.w.org\/{rel}","templated":true}]}}